{"id":84,"date":"2020-07-02T17:45:46","date_gmt":"2020-07-02T20:45:46","guid":{"rendered":"https:\/\/dbrothers.com.br\/dbrothers\/contact-us\/"},"modified":"2026-02-09T21:49:38","modified_gmt":"2026-02-10T00:49:38","slug":"contato","status":"publish","type":"page","link":"https:\/\/dbrothers.com.br\/dbrothers\/contato\/","title":{"rendered":"Contato"},"content":{"rendered":"<div class=\"tmpl-gallery-10 boldgrid-section dynamic-gridblock\" style=\"background-image: linear-gradient(to left, #001e00, rgba(0, 0, 0, 0.26));\" data-bg-color-1=\"#001e00\" data-bg-color-2=\"rgba(0,0,0,0.26)\" data-bg-direction=\"to left\">\n<div class=\"container\">\n<div class=\"row\" style=\"padding-top: 30px; padding-bottom: 0px;\">\n<div class=\"col-md-12 col-sm-12 col-xs-12 text-center col-lg-12\">\n<p class=\"h1\" style=\"font-weight: bold; text-transform: uppercase; font-size: 27px;\">wedding gift<\/p>\n<p class=\"h1\" style=\"font-weight: bold; text-transform: uppercase; font-size: 27px;\">D\u00b4Brothers<\/p>\n<p class=\"color1-color\">&#8220;Seu evento com o toque certo&#8221;<\/p>\n<div class=\"row bg-editor-hr-wrap\">\n<div class=\"col-md-12 col-xs-12 col-sm-12 col-lg-12\">\n<div>\n<hr class=\"color1-color bg-hr\" style=\"border: 2px solid; margin-right: auto; margin-left: auto;\" width=\"75%\">\n<\/div>\n<\/div>\n<\/div>\n<p class=\"\">Adquira agora mesmo uma vaga para participar da PROMO\u00c7\u00c3O INCR\u00cdVEL que n\u00f3s reservamos para a data de seu casamento!<\/p>\n<\/div>\n<\/div>\n<\/div>\n<\/div>\n<div class=\"tmpl-contact-4 boldgrid-section dynamic-gridblock background-parallax\" style=\"color: #ffffff; background-size: auto; background-position: 50% 50%; background-repeat: repeat; background-image: url('https:\/\/dbrothers.com.br\/dbrothers\/wp-content\/plugins\/post-and-page-builder\/assets\/image\/patterns\/arches.png'); background-color: rgba(134, 110, 2, 0.77);\" data-bg-overlaycolor=\"rgba(30, 27, 0, 0.8)\">\n<div class=\"container-fluid\">\n<div class=\"row\" style=\"padding-top: 0px; padding-bottom: 0px;\">\n<div class=\"col-md-1 col-sm-12 col-xs-12 col-lg-1\"><\/div>\n<div class=\"col-md-3 col-sm-4 col-xs-12 text-center col-lg-3\">\n<div class=\"row\" style=\"width: auto; border-radius: 0px; margin-left: -30px;\">\n<div class=\"col-md-1 col-sm-1 col-xs-1 col-lg-1\">\n<div><\/div>\n<\/div>\n<div class=\"col-md-10 col-sm-10 col-xs-10 col-lg-10\">\n<div style=\"margin-bottom: -60px; z-index: 1; position: relative;\" class=\"color5-background-color color-5-text-contrast bg-background-color bg-box\">\n<h2 class=\"\" style=\"line-height: 1.1em; font-size: 21px;\">&nbsp;Cadastre-se<\/h2>\n<\/div>\n<\/div>\n<\/div>\n<div class=\"row hidden-xs\">\n<div class=\"col-md-12 col-sm-12 col-xs-12 color5-border-color col-lg-12\" style=\"border: 10px solid; padding: 2em; box-shadow: 1px 4px 5px 0px rgba(0,0,0,0.75);\">\n<div>\n<p class=\"\" style=\"margin: 100px 0;\">&nbsp;<\/p>\n<\/div>\n<\/div>\n<\/div>\n<\/div>\n<div class=\"col-md-1 col-sm-12 col-xs-12 col-lg-1\"><\/div>\n<div class=\"col-md-5 col-sm-6 col-xs-10 bg-box-flush col-lg-5\">\n<p class=\"\">&nbsp;<\/p>\n<p class=\"\">&nbsp;<\/p>\n<p class=\"\">\n<div class=\"wpcf7 no-js\" id=\"wpcf7-f546-o1\" lang=\"pt-BR\" dir=\"ltr\" data-wpcf7-id=\"546\">\n<div class=\"screen-reader-response\"><p role=\"status\" aria-live=\"polite\" aria-atomic=\"true\"><\/p> <ul><\/ul><\/div>\n<form action=\"\/dbrothers\/wp-json\/wp\/v2\/pages\/84#wpcf7-f546-o1\" method=\"post\" class=\"wpcf7-form init\" aria-label=\"Formul\u00e1rios de contato\" novalidate=\"novalidate\" data-status=\"init\">\n<fieldset class=\"hidden-fields-container\"><input type=\"hidden\" name=\"_wpcf7\" value=\"546\" \/><input type=\"hidden\" name=\"_wpcf7_version\" value=\"6.1.4\" \/><input type=\"hidden\" name=\"_wpcf7_locale\" value=\"pt_BR\" \/><input type=\"hidden\" name=\"_wpcf7_unit_tag\" value=\"wpcf7-f546-o1\" \/><input type=\"hidden\" name=\"_wpcf7_container_post\" value=\"0\" \/><input type=\"hidden\" name=\"_wpcf7_posted_data_hash\" value=\"\" \/>\n<\/fieldset>\n<p><script>\n document.addEventListener('wpcf7mailsent', function (event) {\n location = 'https:\/\/dbrothers.com.br\/dbrothers\/obrigado-eventos\/';\n }, false);\n<\/script>\n<\/p>\n<p>Preencha:\n<\/p>\n<p><span class=\"wpcf7-form-control-wrap\" data-name=\"your-name\"><input size=\"40\" maxlength=\"400\" class=\"wpcf7-form-control wpcf7-text wpcf7-validates-as-required\" aria-required=\"true\" aria-invalid=\"false\" placeholder=\"Nome dos Noivos\" value=\"\" type=\"text\" name=\"your-name\" \/><\/span>\n<\/p>\n<p><span class=\"wpcf7-form-control-wrap\" data-name=\"your-email\"><input size=\"40\" maxlength=\"400\" class=\"wpcf7-form-control wpcf7-email wpcf7-validates-as-required wpcf7-text wpcf7-validates-as-email\" aria-required=\"true\" aria-invalid=\"false\" placeholder=\"Seu e-mail\" value=\"\" type=\"email\" name=\"your-email\" \/><\/span>\n<\/p>\n<p><span class=\"wpcf7-form-control-wrap\" data-name=\"tel-627\"><input size=\"40\" maxlength=\"400\" class=\"wpcf7-form-control wpcf7-tel wpcf7-validates-as-required wpcf7-text wpcf7-validates-as-tel\" aria-required=\"true\" aria-invalid=\"false\" placeholder=\"celular +55 DDD 9xxxx-xxxx\" value=\"\" type=\"tel\" name=\"tel-627\" \/><\/span>\n<\/p>\n<p><input class=\"wpcf7-form-control wpcf7-submit has-spinner\" id=\"botao1\" type=\"submit\" value=\"Inscrever\" \/>\n<\/p><p style=\"display: none !important;\" class=\"akismet-fields-container\" data-prefix=\"_wpcf7_ak_\"><label>&#916;<textarea name=\"_wpcf7_ak_hp_textarea\" cols=\"45\" rows=\"8\" maxlength=\"100\"><\/textarea><\/label><input type=\"hidden\" id=\"ak_js_1\" name=\"_wpcf7_ak_js\" value=\"218\"\/><script>document.getElementById( \"ak_js_1\" ).setAttribute( \"value\", ( new Date() ).getTime() );<\/script><\/p><div class=\"wpcf7-response-output\" aria-hidden=\"true\"><\/div>\n<\/form>\n<\/div>\n<\/p>\n<p class=\"\">&nbsp;<\/p>\n<\/div>\n<div class=\"col-md-2 col-sm-12 col-xs-12 col-lg-2\"><\/div>\n<\/div>\n<\/div>\n<\/div>\n<div class=\"color-neutral-background-color color-neutral-text-contrast bg-background-color tmpl-gallery-5 boldgrid-section dynamic-gridblock\">\n<div class=\"container\">\n<div class=\"row\" style=\"padding-top: 0px; padding-bottom: 0px; background-color: #001e00;\">\n<div class=\"col-md-12 col-sm-12 col-xs-12 text-center col-lg-12\">\n<h2 class=\"h1 color4-color\" style=\"font-weight: bold; text-transform: uppercase;\">adquira agora mesmo<\/h2>\n<h2 class=\"h1 color4-color\" style=\"font-weight: bold; text-transform: uppercase;\">seu&nbsp;<\/h2>\n<h2 class=\"h1 color4-color\" style=\"font-weight: bold; text-transform: uppercase;\">wedding gift<\/h2>\n<p class=\"\">Voc\u00ea que est\u00e1 com casamento para ser agendado entre o ano de 2026 \u00e0 2027? Temos uma \u00f3tima not\u00edcia; Estamos com nossa agenda aberta para reservas de datas e, uma promo\u00e7\u00e3o IMPERD\u00cdVEL para voc\u00ea, que \u00e9 noiva(o) e est\u00e1 planejando seu casamento neste m\u00eas de Fevereiro. Basta cadastrar seu Nome, E-mail e Telefone nos campos descritos e teremos o enorme prazer em lhes apresentar todas as possibilidades de forma\u00e7\u00f5es musicais, extremamente adaptadas ao seu gosto e principalmente, seu SONHO!<\/p>\n<\/div>\n<div class=\"col-lg-12 col-md-12 col-xs-12 col-sm-12\">\n<h2 class=\"\">&nbsp;<\/h2>\n<\/div>\n<div class=\"col-md-12 col-sm-12 col-xs-12 text-center col-lg-12\" style=\"background-color: #000000;\">\n<p class=\"\">&nbsp;<\/p>\n<\/div>\n<\/div>\n<\/div>\n<\/div>\n<div class=\"color-neutral-background-color color-neutral-text-contrast bg-background-color tmpl-contact-4 boldgrid-section dynamic-gridblock background-parallax\" style=\"color: #ffffff; background-image: linear-gradient(to left, rgba(30, 27, 0, 0.8), rgba(30, 27, 0, 0.8)), url('https:\/\/dbrothers.com.br\/dbrothers\/wp-content\/uploads\/2020\/07\/Colocando-alian\u00e7a-no-dedo-scaled.jpg'); background-size: cover; background-position: 50% 50%;\" data-bg-overlaycolor=\"rgba(30, 27, 0, 0.8)\" data-image-url=\"https:\/\/dbrothers.com.br\/dbrothers\/wp-content\/uploads\/2020\/07\/Colocando-alian\u00e7a-no-dedo-scaled.jpg\">\n<div class=\"container-fluid\">\n<div class=\"row\" style=\"padding-top: 50px; padding-bottom: 0px;\">\n<div class=\"col-md-1 col-sm-12 col-xs-12 col-lg-1\"><\/div>\n<div class=\"col-md-3 col-sm-4 col-xs-12 text-center col-lg-3\">\n<div class=\"row\" style=\"width: auto; border-radius: 0px; margin-left: -30px;\">\n<div class=\"col-md-1 col-sm-1 col-xs-1 col-lg-1\">\n<div><\/div>\n<\/div>\n<div class=\"col-md-10 col-sm-10 col-xs-10 col-lg-10\">\n<div style=\"margin-bottom: -60px; z-index: 1; position: relative;\" class=\"color5-background-color color-5-text-contrast bg-background-color bg-box\">\n<h2 class=\"\" style=\"line-height: 1.1em; font-size: 21px;\">Contate-nos<\/h2>\n<\/div>\n<\/div>\n<div class=\"col-md-1 col-sm-1 col-xs-1 col-lg-1\"><\/div>\n<\/div>\n<div class=\"row\">\n<div class=\"col-md-12 col-sm-12 col-xs-12 color5-border-color col-lg-12\" style=\"border: 10px solid; padding: 2em; box-shadow: 1px 4px 5px 0px rgba(0,0,0,0.75);\">\n<div>\n<p class=\"\" style=\"margin: 100px 0;\">&nbsp;<\/p>\n<\/div>\n<\/div>\n<\/div>\n<\/div>\n<div class=\"col-md-1 col-sm-1 col-xs-12 col-lg-1\">\n<div class=\"\"><\/div>\n<\/div>\n<div class=\"col-md-6 col-sm-6 col-xs-12 bg-box-flush col-lg-6\">\n<p class=\"boldgrid-google-maps\"><iframe loading=\"lazy\" style=\"max-width: 100%;\" src=\"https:\/\/maps.google.com\/maps?q=Av.%20Otacilio%20Tomanik%2C%20370%2C%20Sala%2008&amp;t=m&amp;z=16&amp;output=embed\" width=\"600\" height=\"450\" frameborder=\"0\" data-mce-fragment=\"1\"><\/iframe><\/p>\n<\/div>\n<div class=\"col-md-1 col-sm-1 col-xs-12 col-lg-1\"><\/div>\n<\/div>\n<div class=\"row\" style=\"padding-bottom: 50px;\">\n<div class=\"col-md-7 col-sm-6 col-xs-1 col-lg-7\"><\/div>\n<div class=\"col-md-3 col-sm-4 col-xs-10 text-center wow slideInDown col-lg-3\" data-wow-duration=\"1s\" data-wow-delay=\"0s\">\n<div style=\"margin-top: -60px; padding: 1.5em; z-index: 1; position: relative;\" class=\"color1-background-color color-1-text-contrast bg-background-color bg-box\">\n<p class=\"\">&nbsp;<\/p>\n<p class=\"\">&nbsp;<\/p>\n<p class=\"\" style=\"font-size: 21px; background-color: #ffffff;\">Fale conosco:<\/p>\n<p class=\"\" style=\"font-size: 22px;\">(11) 98010-4428<\/p>\n<p class=\"\" style=\"font-size: 22px;\"><a class=\"btn btn-capitalize btn-rounded btn-3d btn-regular btn-color-5\" style=\"color: #67ee06; font-size: 17px; line-height: 2.2em; letter-spacing: 0em;\" href=\"https:\/\/bit.ly\/or\u00e7amentomusical\" target=\"_blank\" rel=\"noopener noreferrer\">WhatsApp<\/a><\/p>\n<\/div>\n<\/div>\n<\/div>\n<\/div>\n<\/div>\n","protected":false},"excerpt":{"rendered":"<p>wedding gift D\u00b4Brothers &#8220;Seu evento com o toque certo&#8221; Adquira agora mesmo uma vaga para participar da PROMO\u00c7\u00c3O INCR\u00cdVEL que n\u00f3s reservamos para a data de seu casamento! &nbsp;Cadastre-se &nbsp; &nbsp; &nbsp; &nbsp; adquira agora mesmo seu&nbsp; wedding gift Voc\u00ea que est\u00e1 com casamento para ser agendado entre o ano de 2026 \u00e0 2027? Temos [&hellip;]<\/p>\n","protected":false},"author":1,"featured_media":0,"parent":0,"menu_order":3,"comment_status":"closed","ping_status":"closed","template":"","meta":{"bgseo_title":"","bgseo_description":"","bgseo_robots_index":"index","bgseo_robots_follow":"follow","_monsterinsights_skip_tracking":false,"_monsterinsights_sitenote_active":false,"_monsterinsights_sitenote_note":"","_monsterinsights_sitenote_category":0,"footnotes":""},"class_list":["post-84","page","type-page","status-publish"],"yoast_head":"<!-- This site is optimized with the Yoast SEO plugin v26.5 - https:\/\/yoast.com\/wordpress\/plugins\/seo\/ -->\n<title>Contato | D\u00b4 Brothers<\/title>\n<meta name=\"description\" content=\"Adquira agora mesmo uma vaga para participar da PROMO\u00c7\u00c3O INCR\u00cdVEL que n\u00f3s reservamos seu casamento e adquira seu Wedding Gift exclusivo!\" \/>\n<meta name=\"robots\" content=\"index, follow, max-snippet:-1, max-image-preview:large, max-video-preview:-1\" \/>\n<link rel=\"canonical\" href=\"https:\/\/dbrothers.com.br\/dbrothers\/contato\/\" \/>\n<meta property=\"og:locale\" content=\"pt_BR\" \/>\n<meta property=\"og:type\" content=\"article\" \/>\n<meta property=\"og:title\" content=\"Lista VIP Cerimonial D\u00b4 Brothers. Seu sonho tratado com carinho. D\u00b4 Brothers\" \/>\n<meta property=\"og:description\" content=\"Adquira agora mesmo uma vaga para participar da PROMO\u00c7\u00c3O INCR\u00cdVEL que n\u00f3s reservamos seu casamento e adquira seu Wedding Gift exclusivo!\" \/>\n<meta property=\"og:url\" content=\"https:\/\/dbrothers.com.br\/dbrothers\/contato\/\" \/>\n<meta property=\"og:site_name\" content=\"D\u00b4 Brothers\" \/>\n<meta property=\"article:modified_time\" content=\"2026-02-10T00:49:38+00:00\" \/>\n<meta name=\"twitter:card\" content=\"summary_large_image\" \/>\n<meta name=\"twitter:label1\" content=\"Est. tempo de leitura\" \/>\n\t<meta name=\"twitter:data1\" content=\"1 minuto\" \/>\n<script type=\"application\/ld+json\" class=\"yoast-schema-graph\">{\"@context\":\"https:\/\/schema.org\",\"@graph\":[{\"@type\":\"WebPage\",\"@id\":\"https:\/\/dbrothers.com.br\/dbrothers\/contato\/\",\"url\":\"https:\/\/dbrothers.com.br\/dbrothers\/contato\/\",\"name\":\"Lista VIP Cerimonial D\u00b4 Brothers. Seu sonho tratado com carinho. D\u00b4 Brothers\",\"isPartOf\":{\"@id\":\"https:\/\/dbrothers.com.br\/dbrothers\/#website\"},\"datePublished\":\"2020-07-02T20:45:46+00:00\",\"dateModified\":\"2026-02-10T00:49:38+00:00\",\"description\":\"Adquira agora mesmo uma vaga para participar da PROMO\u00c7\u00c3O INCR\u00cdVEL que n\u00f3s reservamos seu casamento e adquira seu Wedding Gift exclusivo!\",\"breadcrumb\":{\"@id\":\"https:\/\/dbrothers.com.br\/dbrothers\/contato\/#breadcrumb\"},\"inLanguage\":\"pt-BR\",\"potentialAction\":[{\"@type\":\"ReadAction\",\"target\":[\"https:\/\/dbrothers.com.br\/dbrothers\/contato\/\"]}]},{\"@type\":\"BreadcrumbList\",\"@id\":\"https:\/\/dbrothers.com.br\/dbrothers\/contato\/#breadcrumb\",\"itemListElement\":[{\"@type\":\"ListItem\",\"position\":1,\"name\":\"Home\",\"item\":\"https:\/\/dbrothers.com.br\/dbrothers\/\"},{\"@type\":\"ListItem\",\"position\":2,\"name\":\"Contato\"}]},{\"@type\":\"WebSite\",\"@id\":\"https:\/\/dbrothers.com.br\/dbrothers\/#website\",\"url\":\"https:\/\/dbrothers.com.br\/dbrothers\/\",\"name\":\"D\u00b4 Brothers\",\"description\":\"\",\"potentialAction\":[{\"@type\":\"SearchAction\",\"target\":{\"@type\":\"EntryPoint\",\"urlTemplate\":\"https:\/\/dbrothers.com.br\/dbrothers\/?s={search_term_string}\"},\"query-input\":{\"@type\":\"PropertyValueSpecification\",\"valueRequired\":true,\"valueName\":\"search_term_string\"}}],\"inLanguage\":\"pt-BR\"}]}<\/script>\n<!-- \/ Yoast SEO plugin. -->","yoast_head_json":{"title":"Contato | D\u00b4 Brothers","description":"Adquira agora mesmo uma vaga para participar da PROMO\u00c7\u00c3O INCR\u00cdVEL que n\u00f3s reservamos seu casamento e adquira seu Wedding Gift exclusivo!","robots":{"index":"index","follow":"follow","max-snippet":"max-snippet:-1","max-image-preview":"max-image-preview:large","max-video-preview":"max-video-preview:-1"},"canonical":"https:\/\/dbrothers.com.br\/dbrothers\/contato\/","og_locale":"pt_BR","og_type":"article","og_title":"Lista VIP Cerimonial D\u00b4 Brothers. Seu sonho tratado com carinho. D\u00b4 Brothers","og_description":"Adquira agora mesmo uma vaga para participar da PROMO\u00c7\u00c3O INCR\u00cdVEL que n\u00f3s reservamos seu casamento e adquira seu Wedding Gift exclusivo!","og_url":"https:\/\/dbrothers.com.br\/dbrothers\/contato\/","og_site_name":"D\u00b4 Brothers","article_modified_time":"2026-02-10T00:49:38+00:00","twitter_card":"summary_large_image","twitter_misc":{"Est. tempo de leitura":"1 minuto"},"schema":{"@context":"https:\/\/schema.org","@graph":[{"@type":"WebPage","@id":"https:\/\/dbrothers.com.br\/dbrothers\/contato\/","url":"https:\/\/dbrothers.com.br\/dbrothers\/contato\/","name":"Lista VIP Cerimonial D\u00b4 Brothers. Seu sonho tratado com carinho. D\u00b4 Brothers","isPartOf":{"@id":"https:\/\/dbrothers.com.br\/dbrothers\/#website"},"datePublished":"2020-07-02T20:45:46+00:00","dateModified":"2026-02-10T00:49:38+00:00","description":"Adquira agora mesmo uma vaga para participar da PROMO\u00c7\u00c3O INCR\u00cdVEL que n\u00f3s reservamos seu casamento e adquira seu Wedding Gift exclusivo!","breadcrumb":{"@id":"https:\/\/dbrothers.com.br\/dbrothers\/contato\/#breadcrumb"},"inLanguage":"pt-BR","potentialAction":[{"@type":"ReadAction","target":["https:\/\/dbrothers.com.br\/dbrothers\/contato\/"]}]},{"@type":"BreadcrumbList","@id":"https:\/\/dbrothers.com.br\/dbrothers\/contato\/#breadcrumb","itemListElement":[{"@type":"ListItem","position":1,"name":"Home","item":"https:\/\/dbrothers.com.br\/dbrothers\/"},{"@type":"ListItem","position":2,"name":"Contato"}]},{"@type":"WebSite","@id":"https:\/\/dbrothers.com.br\/dbrothers\/#website","url":"https:\/\/dbrothers.com.br\/dbrothers\/","name":"D\u00b4 Brothers","description":"","potentialAction":[{"@type":"SearchAction","target":{"@type":"EntryPoint","urlTemplate":"https:\/\/dbrothers.com.br\/dbrothers\/?s={search_term_string}"},"query-input":{"@type":"PropertyValueSpecification","valueRequired":true,"valueName":"search_term_string"}}],"inLanguage":"pt-BR"}]}},"_links":{"self":[{"href":"https:\/\/dbrothers.com.br\/dbrothers\/wp-json\/wp\/v2\/pages\/84","targetHints":{"allow":["GET"]}}],"collection":[{"href":"https:\/\/dbrothers.com.br\/dbrothers\/wp-json\/wp\/v2\/pages"}],"about":[{"href":"https:\/\/dbrothers.com.br\/dbrothers\/wp-json\/wp\/v2\/types\/page"}],"author":[{"embeddable":true,"href":"https:\/\/dbrothers.com.br\/dbrothers\/wp-json\/wp\/v2\/users\/1"}],"replies":[{"embeddable":true,"href":"https:\/\/dbrothers.com.br\/dbrothers\/wp-json\/wp\/v2\/comments?post=84"}],"version-history":[{"count":11,"href":"https:\/\/dbrothers.com.br\/dbrothers\/wp-json\/wp\/v2\/pages\/84\/revisions"}],"predecessor-version":[{"id":1157,"href":"https:\/\/dbrothers.com.br\/dbrothers\/wp-json\/wp\/v2\/pages\/84\/revisions\/1157"}],"wp:attachment":[{"href":"https:\/\/dbrothers.com.br\/dbrothers\/wp-json\/wp\/v2\/media?parent=84"}],"curies":[{"name":"wp","href":"https:\/\/api.w.org\/{rel}","templated":true}]}}