{"id":82,"date":"2020-07-02T17:45:46","date_gmt":"2020-07-02T20:45:46","guid":{"rendered":"https:\/\/dbrothers.com.br\/dbrothers\/our-services\/"},"modified":"2020-07-12T11:28:30","modified_gmt":"2020-07-12T14:28:30","slug":"servicos","status":"publish","type":"page","link":"https:\/\/dbrothers.com.br\/dbrothers\/servicos\/","title":{"rendered":"Nossos Servi\u00e7os"},"content":{"rendered":"<div class=\"boldgrid-section hidden-xs\" data-imhwpb-asset-id=\"825310\">\n<div class=\"container\">\n<div class=\"row color1-background-color color-1-text-contrast bg-background-color\" style=\"padding-top: 166px; padding-bottom: 291px; background-image: url('https:\/\/dbrothers.com.br\/dbrothers\/wp-content\/uploads\/2020\/07\/Quem-Somos-texto-e-imagem-D\u00b4-Brothers.jpg'); background-size: cover; background-position: 50% 50%;\" data-image-url=\"https:\/\/dbrothers.com.br\/dbrothers\/wp-content\/uploads\/2020\/07\/Quem-Somos-texto-e-imagem-D\u00b4-Brothers.jpg\">\n<div class=\"col-md-4 col-xs-12 col-sm-12\">\n<div class=\"\">\n<p class=\"\" style=\"padding: 0em;\">&nbsp;<\/p>\n<\/div>\n<\/div>\n<div class=\"col-md-8 col-sm-12 col-xs-12\"><\/div>\n<\/div>\n<\/div>\n<\/div>\n<div class=\"boldgrid-section\">\n<div class=\"container\">\n<div class=\"row\" style=\"padding-top: 0px; padding-bottom: 25px;\">\n<div class=\"col-md-5 col-sm-12 col-xs-12\">\n<h3 class=\"color1-color\" style=\"font-size: 32px;\">Coral e Orquestra<\/h3>\n<p class=\"\" style=\"color: #aaaaaa;\">Forma\u00e7\u00f5es instrumentais, orquestradas ou com vozes coral e\/ou solistas, em diferentes op\u00e7\u00f5es de n\u00famero de integrantes.<\/p>\n<\/div>\n<div class=\"col-md-1 col-sm-12 col-xs-12\">\n<p>&nbsp;<\/p>\n<\/div>\n<div class=\"col-md-6 col-xs-12 col-sm-12\">\n<p class=\"\" style=\"font-size: 10px;\">&nbsp;<\/p>\n<p class=\"mod-reset\"><img loading=\"lazy\" decoding=\"async\" class=\"bg-img bg-img-square bg-img-border-double-thick bg-img-pad-lg alignnone wp-image-55 size-medium\" src=\"https:\/\/dbrothers.com.br\/dbrothers\/wp-content\/uploads\/2020\/07\/0_0_900_451.317715959_Foto-Equipe-Geral.png\" alt=\"Coral e Orquestra D\u00b4 Brothers\" width=\"900\" height=\"451\" data-imhwpb-asset-id=\"825307\"><\/p>\n<\/div>\n<\/div>\n<\/div>\n<\/div>\n<div class=\"boldgrid-section\">\n<div class=\"container\">\n<div class=\"row\" style=\"padding-top: 0px; padding-bottom: 25px;\">\n<div class=\"col-md-6 col-xs-12 col-sm-12\">\n<p class=\"\" style=\"font-size: 10px;\">&nbsp;<\/p>\n<p class=\"mod-reset\"><img loading=\"lazy\" decoding=\"async\" class=\"bg-img bg-img-square bg-img-border-double-thick bg-img-pad-lg wp-image-155 size-full alignright\" src=\"https:\/\/dbrothers.com.br\/dbrothers\/wp-content\/uploads\/2020\/07\/Saxofonista-na-Recep\u00e7\u00e3o-900-X-450.png\" alt=\"Saxofonista na Recep\u00e7\u00e3o 900 X 450\" width=\"900\" height=\"450\" data-imhwpb-asset-id=\"825308\" srcset=\"https:\/\/dbrothers.com.br\/dbrothers\/wp-content\/uploads\/2020\/07\/Saxofonista-na-Recep\u00e7\u00e3o-900-X-450.png 900w, https:\/\/dbrothers.com.br\/dbrothers\/wp-content\/uploads\/2020\/07\/Saxofonista-na-Recep\u00e7\u00e3o-900-X-450-300x150.png 300w, https:\/\/dbrothers.com.br\/dbrothers\/wp-content\/uploads\/2020\/07\/Saxofonista-na-Recep\u00e7\u00e3o-900-X-450-768x384.png 768w, https:\/\/dbrothers.com.br\/dbrothers\/wp-content\/uploads\/2020\/07\/Saxofonista-na-Recep\u00e7\u00e3o-900-X-450-250x125.png 250w, https:\/\/dbrothers.com.br\/dbrothers\/wp-content\/uploads\/2020\/07\/Saxofonista-na-Recep\u00e7\u00e3o-900-X-450-550x275.png 550w, https:\/\/dbrothers.com.br\/dbrothers\/wp-content\/uploads\/2020\/07\/Saxofonista-na-Recep\u00e7\u00e3o-900-X-450-800x400.png 800w, https:\/\/dbrothers.com.br\/dbrothers\/wp-content\/uploads\/2020\/07\/Saxofonista-na-Recep\u00e7\u00e3o-900-X-450-360x180.png 360w, https:\/\/dbrothers.com.br\/dbrothers\/wp-content\/uploads\/2020\/07\/Saxofonista-na-Recep\u00e7\u00e3o-900-X-450-600x300.png 600w\" sizes=\"auto, (max-width: 900px) 100vw, 900px\" \/><\/p>\n<\/div>\n<div class=\"col-md-1 col-sm-12 col-xs-12\">\n<p class=\"\">&nbsp;<\/p>\n<\/div>\n<div class=\"col-md-5 col-sm-12 col-xs-12\">\n<h3 class=\"color1-color\" style=\"font-size: 32px;\">M\u00fasica na Recep\u00e7\u00e3o<\/h3>\n<p class=\"\" style=\"color: #aaaaaa;\">Oferecemos m\u00fasica ao vivo na recep\u00e7\u00e3o de seus convidados, com um m\u00fasico saxofonista ou violinista com muita eleg\u00e2ncia. Este servi\u00e7o \u00e9 bem comum antes do casal entrar no sal\u00e3o e terem o 1\u00b0 contato com os convidados, neste caso personalizamos uma m\u00fasica de entrada do casal no sal\u00e3o para deixar este momento ainda mais inesquec\u00edvel e ou a carinha dos noivos!<\/p>\n<\/div>\n<\/div>\n<\/div>\n<\/div>\n<div class=\"boldgrid-section\">\n<div class=\"container\">\n<div class=\"row\" style=\"padding-top: 0px; padding-bottom: 50px;\">\n<div class=\"col-md-5 col-sm-12 col-xs-12\">\n<h3 class=\"color1-color\" style=\"font-size: 32px;\">Banda B.B.B.<\/h3>\n<p class=\"\" style=\"font-size: 1px;\">&nbsp;<\/p>\n<p class=\"\" style=\"color: #aaaaaa;\">A Banda BBB (Big Band Brothers), oferece m\u00fasica ao vivo aos convidados no buffet\/espa\u00e7o no per\u00edodo de 02 \u00e0 06 horas. Acompanha DJ;<\/p>\n<p class=\"\" style=\"color: #aaaaaa;\">&#8211; Estilos musicais poss\u00edveis:&nbsp;Cl\u00e1ssicos do Jazz e Bossa Nova, Xote, Jovem Guarda,&nbsp;Anos&nbsp;50,&nbsp;60, 70, 80, 90, 2000, Pop Dance, Sertanejo, Ax\u00e9, entre outros \u2013 consulte-nos.<\/p>\n<p class=\"\" style=\"color: #aaaaaa;\">Anime sua festa de forma especial, tornando realidade momentos que ser\u00e3o inesquec\u00edveis!<\/p>\n<\/div>\n<div class=\"col-md-1 col-sm-12 col-xs-12\">\n<p class=\"\">&nbsp;<\/p>\n<\/div>\n<div class=\"col-md-6 col-xs-12 col-sm-12\">\n<p class=\"\" style=\"font-size: 10px;\">&nbsp;<\/p>\n<p class=\"mod-reset\"><img loading=\"lazy\" decoding=\"async\" class=\"bg-img bg-img-square bg-img-border-double-thick bg-img-pad-lg alignnone wp-image-156 size-medium\" src=\"https:\/\/dbrothers.com.br\/dbrothers\/wp-content\/uploads\/2020\/07\/0_42_900_450.6588579795_Banda-D\u00b4-Brothers-com-noivos.png\" alt=\"Banda D\u00b4 Brothers com noivos\" width=\"900\" height=\"450\" data-imhwpb-asset-id=\"825309\"><\/p>\n<\/div>\n<\/div>\n<\/div>\n<\/div>\n<div class=\"color-neutral-background-color color-neutral-text-contrast bg-background-color tmpl-gallery-11 boldgrid-section dynamic-gridblock hidden-md hidden-lg\">\n<div class=\"container\">\n<div class=\"row\">\n<div class=\"col-md-6 col-sm-6 col-xs-12\">\n<div class=\"bg-box-cover bg-box-flush bg-box\">\n<p class=\"mod-reset\"><img loading=\"lazy\" decoding=\"async\" class=\"bg-img alignnone wp-image-290 size-medium\" src=\"https:\/\/dbrothers.com.br\/dbrothers\/wp-content\/uploads\/2020\/07\/341_0_600_600_Noiva-cheirando-o-buqu\u00ea-1024x683.jpg\" alt=\"Noiva cheirando o buqu\u00ea\" width=\"600\" height=\"600\" srcset=\"https:\/\/dbrothers.com.br\/dbrothers\/wp-content\/uploads\/2020\/07\/341_0_600_600_Noiva-cheirando-o-buqu\u00ea-1024x683.jpg 600w, https:\/\/dbrothers.com.br\/dbrothers\/wp-content\/uploads\/2020\/07\/Noiva-cheirando-o-buqu\u00ea-150x150.jpg 150w, https:\/\/dbrothers.com.br\/dbrothers\/wp-content\/uploads\/2020\/07\/Noiva-cheirando-o-buqu\u00ea-48x48.jpg 48w, https:\/\/dbrothers.com.br\/dbrothers\/wp-content\/uploads\/2020\/07\/Noiva-cheirando-o-buqu\u00ea-300x300.jpg 300w\" sizes=\"auto, (max-width: 600px) 100vw, 600px\" \/><\/p>\n<\/div>\n<\/div>\n<div class=\"col-md-6 col-sm-6 col-xs-12 color4-background-color color-4-text-contrast bg-background-color\">\n<div class=\"row\">\n<div class=\"col-md-6 col-sm-6 col-xs-6\">\n<div class=\"bg-box-cover bg-box-flush bg-box\"><img loading=\"lazy\" decoding=\"async\" class=\"bg-img alignnone wp-image-286 size-medium\" src=\"https:\/\/dbrothers.com.br\/dbrothers\/wp-content\/uploads\/2020\/07\/No-campo-300x225.jpg\" alt=\"casamento feito no campo\" width=\"300\" height=\"225\" srcset=\"https:\/\/dbrothers.com.br\/dbrothers\/wp-content\/uploads\/2020\/07\/No-campo-300x225.jpg 300w, https:\/\/dbrothers.com.br\/dbrothers\/wp-content\/uploads\/2020\/07\/No-campo-1024x768.jpg 1024w, https:\/\/dbrothers.com.br\/dbrothers\/wp-content\/uploads\/2020\/07\/No-campo-768x576.jpg 768w, https:\/\/dbrothers.com.br\/dbrothers\/wp-content\/uploads\/2020\/07\/No-campo-1536x1152.jpg 1536w, https:\/\/dbrothers.com.br\/dbrothers\/wp-content\/uploads\/2020\/07\/No-campo-2048x1536.jpg 2048w, https:\/\/dbrothers.com.br\/dbrothers\/wp-content\/uploads\/2020\/07\/No-campo-250x188.jpg 250w, https:\/\/dbrothers.com.br\/dbrothers\/wp-content\/uploads\/2020\/07\/No-campo-550x413.jpg 550w, https:\/\/dbrothers.com.br\/dbrothers\/wp-content\/uploads\/2020\/07\/No-campo-800x600.jpg 800w, https:\/\/dbrothers.com.br\/dbrothers\/wp-content\/uploads\/2020\/07\/No-campo-240x180.jpg 240w, https:\/\/dbrothers.com.br\/dbrothers\/wp-content\/uploads\/2020\/07\/No-campo-400x300.jpg 400w, https:\/\/dbrothers.com.br\/dbrothers\/wp-content\/uploads\/2020\/07\/No-campo-667x500.jpg 667w\" sizes=\"auto, (max-width: 300px) 100vw, 300px\" \/><\/div>\n<\/div>\n<div class=\"col-md-6 col-sm-6 col-xs-6 text-center align-column-center\">\n<div>\n<p class=\"\">No Campo<\/p>\n<\/div>\n<\/div>\n<\/div>\n<div class=\"row\">\n<div class=\"col-md-6 col-sm-6 col-xs-6 text-center align-column-center\">\n<div>\n<p class=\"\">Na Igreja<\/p>\n<\/div>\n<\/div>\n<div class=\"col-md-6 col-sm-6 col-xs-6\">\n<div class=\"bg-box-cover bg-box-flush bg-box\"><img loading=\"lazy\" decoding=\"async\" class=\"bg-img alignnone wp-image-284 \" src=\"https:\/\/dbrothers.com.br\/dbrothers\/wp-content\/uploads\/2020\/07\/128_0_300_300_Em-Igreja-768x512.jpeg\" alt=\"casamento em igreja\" width=\"196\" height=\"196\" srcset=\"https:\/\/dbrothers.com.br\/dbrothers\/wp-content\/uploads\/2020\/07\/128_0_300_300_Em-Igreja-768x512.jpeg 300w, https:\/\/dbrothers.com.br\/dbrothers\/wp-content\/uploads\/2020\/07\/Em-Igreja-150x150.jpeg 150w, https:\/\/dbrothers.com.br\/dbrothers\/wp-content\/uploads\/2020\/07\/Em-Igreja-48x48.jpeg 48w\" sizes=\"auto, (max-width: 196px) 100vw, 196px\" \/><\/div>\n<\/div>\n<\/div>\n<\/div>\n<\/div>\n<div class=\"row\">\n<div class=\"col-md-6 col-sm-6 col-xs-12 color4-background-color color-4-text-contrast bg-background-color\">\n<div class=\"row\">\n<div class=\"col-md-6 col-sm-6 col-xs-6\">\n<div class=\"bg-box-cover bg-box-flush bg-box\"><img loading=\"lazy\" decoding=\"async\" class=\"bg-img alignnone wp-image-288 size-medium\" src=\"https:\/\/dbrothers.com.br\/dbrothers\/wp-content\/uploads\/2020\/07\/116_0_300_300_Em-Buffet-768x512.jpg\" alt=\"casamento no Buffet\" width=\"300\" height=\"300\" srcset=\"https:\/\/dbrothers.com.br\/dbrothers\/wp-content\/uploads\/2020\/07\/116_0_300_300_Em-Buffet-768x512.jpg 300w, https:\/\/dbrothers.com.br\/dbrothers\/wp-content\/uploads\/2020\/07\/Em-Buffet-150x150.jpg 150w, https:\/\/dbrothers.com.br\/dbrothers\/wp-content\/uploads\/2020\/07\/Em-Buffet-48x48.jpg 48w\" sizes=\"auto, (max-width: 300px) 100vw, 300px\" \/><\/div>\n<\/div>\n<div class=\"col-md-6 col-sm-6 col-xs-6 text-center align-column-center\">\n<div>\n<p class=\"\">No Buffet<\/p>\n<\/div>\n<\/div>\n<\/div>\n<div class=\"row\">\n<div class=\"col-md-6 col-sm-6 col-xs-6 text-center align-column-center\">\n<div>\n<p class=\"\">De todas as maneiras&#8230;<\/p>\n<\/div>\n<\/div>\n<div class=\"col-md-6 col-sm-6 col-xs-6\">\n<div class=\"bg-box-cover bg-box-flush bg-box\"><img loading=\"lazy\" decoding=\"async\" class=\"bg-img alignnone wp-image-285 size-medium\" src=\"https:\/\/dbrothers.com.br\/dbrothers\/wp-content\/uploads\/2020\/07\/98_0_300_299.50248756219_Guardas-de-Honra-768x602.jpg\" alt=\"Com Guardas de Honra\" width=\"300\" height=\"299\" srcset=\"https:\/\/dbrothers.com.br\/dbrothers\/wp-content\/uploads\/2020\/07\/98_0_300_299.50248756219_Guardas-de-Honra-768x602.jpg 300w, https:\/\/dbrothers.com.br\/dbrothers\/wp-content\/uploads\/2020\/07\/Guardas-de-Honra-150x150.jpg 150w, https:\/\/dbrothers.com.br\/dbrothers\/wp-content\/uploads\/2020\/07\/Guardas-de-Honra-48x48.jpg 48w\" sizes=\"auto, (max-width: 300px) 100vw, 300px\" \/><\/div>\n<\/div>\n<\/div>\n<\/div>\n<div class=\"col-md-6 col-sm-6 col-xs-12\">\n<div class=\"bg-box-cover bg-box-flush bg-box\">\n<p class=\"mod-reset\"><img loading=\"lazy\" decoding=\"async\" class=\"bg-img alignnone wp-image-289 size-medium\" src=\"https:\/\/dbrothers.com.br\/dbrothers\/wp-content\/uploads\/2020\/07\/188_0_600_600_Noiva-jogando-o-buqu\u00ea-1024x683.jpg\" alt=\"Noiva jogando o buqu\u00ea\" width=\"600\" height=\"600\" data-wp-editing=\"1\" srcset=\"https:\/\/dbrothers.com.br\/dbrothers\/wp-content\/uploads\/2020\/07\/188_0_600_600_Noiva-jogando-o-buqu\u00ea-1024x683.jpg 600w, https:\/\/dbrothers.com.br\/dbrothers\/wp-content\/uploads\/2020\/07\/Noiva-jogando-o-buqu\u00ea-150x150.jpg 150w, https:\/\/dbrothers.com.br\/dbrothers\/wp-content\/uploads\/2020\/07\/Noiva-jogando-o-buqu\u00ea-48x48.jpg 48w, https:\/\/dbrothers.com.br\/dbrothers\/wp-content\/uploads\/2020\/07\/Noiva-jogando-o-buqu\u00ea-300x300.jpg 300w\" sizes=\"auto, (max-width: 600px) 100vw, 600px\" \/><\/p>\n<\/div>\n<\/div>\n<\/div>\n<\/div>\n<\/div>\n","protected":false},"excerpt":{"rendered":"<p>&nbsp; Coral e Orquestra Forma\u00e7\u00f5es instrumentais, orquestradas ou com vozes coral e\/ou solistas, em diferentes op\u00e7\u00f5es de n\u00famero de integrantes. &nbsp; &nbsp; &nbsp; &nbsp; M\u00fasica na Recep\u00e7\u00e3o Oferecemos m\u00fasica ao vivo na recep\u00e7\u00e3o de seus convidados, com um m\u00fasico saxofonista ou violinista com muita eleg\u00e2ncia. Este servi\u00e7o \u00e9 bem comum antes do casal entrar no [&hellip;]<\/p>\n","protected":false},"author":1,"featured_media":0,"parent":0,"menu_order":2,"comment_status":"closed","ping_status":"closed","template":"","meta":{"bgseo_title":"","bgseo_description":"","bgseo_robots_index":"index","bgseo_robots_follow":"follow","_monsterinsights_skip_tracking":false,"_monsterinsights_sitenote_active":false,"_monsterinsights_sitenote_note":"","_monsterinsights_sitenote_category":0,"footnotes":""},"class_list":["post-82","page","type-page","status-publish"],"yoast_head":"<!-- This site is optimized with the Yoast SEO plugin v26.5 - https:\/\/yoast.com\/wordpress\/plugins\/seo\/ -->\n<title>Nossos Servi\u00e7os | D\u00b4 Brothers<\/title>\n<meta name=\"robots\" content=\"index, follow, max-snippet:-1, max-image-preview:large, max-video-preview:-1\" \/>\n<link rel=\"canonical\" href=\"https:\/\/dbrothers.com.br\/dbrothers\/servicos\/\" \/>\n<meta property=\"og:locale\" content=\"pt_BR\" \/>\n<meta property=\"og:type\" content=\"article\" \/>\n<meta property=\"og:title\" content=\"Nossos Servi\u00e7os - D\u00b4 Brothers\" \/>\n<meta property=\"og:description\" content=\"&nbsp; Coral e Orquestra Forma\u00e7\u00f5es instrumentais, orquestradas ou com vozes coral e\/ou solistas, em diferentes op\u00e7\u00f5es de n\u00famero de integrantes. &nbsp; &nbsp; &nbsp; &nbsp; M\u00fasica na Recep\u00e7\u00e3o Oferecemos m\u00fasica ao vivo na recep\u00e7\u00e3o de seus convidados, com um m\u00fasico saxofonista ou violinista com muita eleg\u00e2ncia. Este servi\u00e7o \u00e9 bem comum antes do casal entrar no [&hellip;]\" \/>\n<meta property=\"og:url\" content=\"https:\/\/dbrothers.com.br\/dbrothers\/servicos\/\" \/>\n<meta property=\"og:site_name\" content=\"D\u00b4 Brothers\" \/>\n<meta property=\"article:modified_time\" content=\"2020-07-12T14:28:30+00:00\" \/>\n<meta property=\"og:image\" content=\"https:\/\/dbrothers.com.br\/dbrothers\/wp-content\/uploads\/2020\/07\/0_0_900_451.317715959_Foto-Equipe-Geral.png\" \/>\n<meta name=\"twitter:card\" content=\"summary_large_image\" \/>\n<meta name=\"twitter:label1\" content=\"Est. tempo de leitura\" \/>\n\t<meta name=\"twitter:data1\" content=\"1 minuto\" \/>\n<script type=\"application\/ld+json\" class=\"yoast-schema-graph\">{\"@context\":\"https:\/\/schema.org\",\"@graph\":[{\"@type\":\"WebPage\",\"@id\":\"https:\/\/dbrothers.com.br\/dbrothers\/servicos\/\",\"url\":\"https:\/\/dbrothers.com.br\/dbrothers\/servicos\/\",\"name\":\"Nossos Servi\u00e7os - D\u00b4 Brothers\",\"isPartOf\":{\"@id\":\"https:\/\/dbrothers.com.br\/dbrothers\/#website\"},\"primaryImageOfPage\":{\"@id\":\"https:\/\/dbrothers.com.br\/dbrothers\/servicos\/#primaryimage\"},\"image\":{\"@id\":\"https:\/\/dbrothers.com.br\/dbrothers\/servicos\/#primaryimage\"},\"thumbnailUrl\":\"https:\/\/dbrothers.com.br\/dbrothers\/wp-content\/uploads\/2020\/07\/0_0_900_451.317715959_Foto-Equipe-Geral.png\",\"datePublished\":\"2020-07-02T20:45:46+00:00\",\"dateModified\":\"2020-07-12T14:28:30+00:00\",\"breadcrumb\":{\"@id\":\"https:\/\/dbrothers.com.br\/dbrothers\/servicos\/#breadcrumb\"},\"inLanguage\":\"pt-BR\",\"potentialAction\":[{\"@type\":\"ReadAction\",\"target\":[\"https:\/\/dbrothers.com.br\/dbrothers\/servicos\/\"]}]},{\"@type\":\"ImageObject\",\"inLanguage\":\"pt-BR\",\"@id\":\"https:\/\/dbrothers.com.br\/dbrothers\/servicos\/#primaryimage\",\"url\":\"https:\/\/dbrothers.com.br\/dbrothers\/wp-content\/uploads\/2020\/07\/0_0_900_451.317715959_Foto-Equipe-Geral.png\",\"contentUrl\":\"https:\/\/dbrothers.com.br\/dbrothers\/wp-content\/uploads\/2020\/07\/0_0_900_451.317715959_Foto-Equipe-Geral.png\"},{\"@type\":\"BreadcrumbList\",\"@id\":\"https:\/\/dbrothers.com.br\/dbrothers\/servicos\/#breadcrumb\",\"itemListElement\":[{\"@type\":\"ListItem\",\"position\":1,\"name\":\"Home\",\"item\":\"https:\/\/dbrothers.com.br\/dbrothers\/\"},{\"@type\":\"ListItem\",\"position\":2,\"name\":\"Nossos Servi\u00e7os\"}]},{\"@type\":\"WebSite\",\"@id\":\"https:\/\/dbrothers.com.br\/dbrothers\/#website\",\"url\":\"https:\/\/dbrothers.com.br\/dbrothers\/\",\"name\":\"D\u00b4 Brothers\",\"description\":\"\",\"potentialAction\":[{\"@type\":\"SearchAction\",\"target\":{\"@type\":\"EntryPoint\",\"urlTemplate\":\"https:\/\/dbrothers.com.br\/dbrothers\/?s={search_term_string}\"},\"query-input\":{\"@type\":\"PropertyValueSpecification\",\"valueRequired\":true,\"valueName\":\"search_term_string\"}}],\"inLanguage\":\"pt-BR\"}]}<\/script>\n<!-- \/ Yoast SEO plugin. -->","yoast_head_json":{"title":"Nossos Servi\u00e7os | D\u00b4 Brothers","robots":{"index":"index","follow":"follow","max-snippet":"max-snippet:-1","max-image-preview":"max-image-preview:large","max-video-preview":"max-video-preview:-1"},"canonical":"https:\/\/dbrothers.com.br\/dbrothers\/servicos\/","og_locale":"pt_BR","og_type":"article","og_title":"Nossos Servi\u00e7os - D\u00b4 Brothers","og_description":"&nbsp; Coral e Orquestra Forma\u00e7\u00f5es instrumentais, orquestradas ou com vozes coral e\/ou solistas, em diferentes op\u00e7\u00f5es de n\u00famero de integrantes. &nbsp; &nbsp; &nbsp; &nbsp; M\u00fasica na Recep\u00e7\u00e3o Oferecemos m\u00fasica ao vivo na recep\u00e7\u00e3o de seus convidados, com um m\u00fasico saxofonista ou violinista com muita eleg\u00e2ncia. Este servi\u00e7o \u00e9 bem comum antes do casal entrar no [&hellip;]","og_url":"https:\/\/dbrothers.com.br\/dbrothers\/servicos\/","og_site_name":"D\u00b4 Brothers","article_modified_time":"2020-07-12T14:28:30+00:00","og_image":[{"url":"https:\/\/dbrothers.com.br\/dbrothers\/wp-content\/uploads\/2020\/07\/0_0_900_451.317715959_Foto-Equipe-Geral.png","type":"","width":"","height":""}],"twitter_card":"summary_large_image","twitter_misc":{"Est. tempo de leitura":"1 minuto"},"schema":{"@context":"https:\/\/schema.org","@graph":[{"@type":"WebPage","@id":"https:\/\/dbrothers.com.br\/dbrothers\/servicos\/","url":"https:\/\/dbrothers.com.br\/dbrothers\/servicos\/","name":"Nossos Servi\u00e7os - D\u00b4 Brothers","isPartOf":{"@id":"https:\/\/dbrothers.com.br\/dbrothers\/#website"},"primaryImageOfPage":{"@id":"https:\/\/dbrothers.com.br\/dbrothers\/servicos\/#primaryimage"},"image":{"@id":"https:\/\/dbrothers.com.br\/dbrothers\/servicos\/#primaryimage"},"thumbnailUrl":"https:\/\/dbrothers.com.br\/dbrothers\/wp-content\/uploads\/2020\/07\/0_0_900_451.317715959_Foto-Equipe-Geral.png","datePublished":"2020-07-02T20:45:46+00:00","dateModified":"2020-07-12T14:28:30+00:00","breadcrumb":{"@id":"https:\/\/dbrothers.com.br\/dbrothers\/servicos\/#breadcrumb"},"inLanguage":"pt-BR","potentialAction":[{"@type":"ReadAction","target":["https:\/\/dbrothers.com.br\/dbrothers\/servicos\/"]}]},{"@type":"ImageObject","inLanguage":"pt-BR","@id":"https:\/\/dbrothers.com.br\/dbrothers\/servicos\/#primaryimage","url":"https:\/\/dbrothers.com.br\/dbrothers\/wp-content\/uploads\/2020\/07\/0_0_900_451.317715959_Foto-Equipe-Geral.png","contentUrl":"https:\/\/dbrothers.com.br\/dbrothers\/wp-content\/uploads\/2020\/07\/0_0_900_451.317715959_Foto-Equipe-Geral.png"},{"@type":"BreadcrumbList","@id":"https:\/\/dbrothers.com.br\/dbrothers\/servicos\/#breadcrumb","itemListElement":[{"@type":"ListItem","position":1,"name":"Home","item":"https:\/\/dbrothers.com.br\/dbrothers\/"},{"@type":"ListItem","position":2,"name":"Nossos Servi\u00e7os"}]},{"@type":"WebSite","@id":"https:\/\/dbrothers.com.br\/dbrothers\/#website","url":"https:\/\/dbrothers.com.br\/dbrothers\/","name":"D\u00b4 Brothers","description":"","potentialAction":[{"@type":"SearchAction","target":{"@type":"EntryPoint","urlTemplate":"https:\/\/dbrothers.com.br\/dbrothers\/?s={search_term_string}"},"query-input":{"@type":"PropertyValueSpecification","valueRequired":true,"valueName":"search_term_string"}}],"inLanguage":"pt-BR"}]}},"_links":{"self":[{"href":"https:\/\/dbrothers.com.br\/dbrothers\/wp-json\/wp\/v2\/pages\/82","targetHints":{"allow":["GET"]}}],"collection":[{"href":"https:\/\/dbrothers.com.br\/dbrothers\/wp-json\/wp\/v2\/pages"}],"about":[{"href":"https:\/\/dbrothers.com.br\/dbrothers\/wp-json\/wp\/v2\/types\/page"}],"author":[{"embeddable":true,"href":"https:\/\/dbrothers.com.br\/dbrothers\/wp-json\/wp\/v2\/users\/1"}],"replies":[{"embeddable":true,"href":"https:\/\/dbrothers.com.br\/dbrothers\/wp-json\/wp\/v2\/comments?post=82"}],"version-history":[{"count":10,"href":"https:\/\/dbrothers.com.br\/dbrothers\/wp-json\/wp\/v2\/pages\/82\/revisions"}],"predecessor-version":[{"id":292,"href":"https:\/\/dbrothers.com.br\/dbrothers\/wp-json\/wp\/v2\/pages\/82\/revisions\/292"}],"wp:attachment":[{"href":"https:\/\/dbrothers.com.br\/dbrothers\/wp-json\/wp\/v2\/media?parent=82"}],"curies":[{"name":"wp","href":"https:\/\/api.w.org\/{rel}","templated":true}]}}